{"id":2337,"date":"2022-11-07T07:26:31","date_gmt":"2022-11-07T07:26:31","guid":{"rendered":"https:\/\/www.conventuspolymers.com\/inicio\/"},"modified":"2023-11-15T15:54:29","modified_gmt":"2023-11-15T15:54:29","slug":"inicio","status":"publish","type":"page","link":"https:\/\/www.conventuspolymers.com\/es\/","title":{"rendered":"Inicio"},"content":{"rendered":"","protected":false},"excerpt":{"rendered":"","protected":false},"author":1,"featured_media":0,"parent":0,"menu_order":0,"comment_status":"closed","ping_status":"closed","template":"templates\/home-page-template.php","meta":{"_acf_changed":false,"footnotes":""},"class_list":["post-2337","page","type-page","status-publish","hentry"],"acf":[],"yoast_head":"<!-- This site is optimized with the Yoast SEO plugin v27.4 - https:\/\/yoast.com\/product\/yoast-seo-wordpress\/ -->\n<title>Pol\u00edmeros de alto rendimiento - Inicio | Conventus Polymers<\/title>\n<meta name=\"description\" content=\"Conventus Polymers ofrece la cartera m\u00e1s amplia de pol\u00edmeros de alto rendimiento para los sectores del petr\u00f3leo y el gas, la automoci\u00f3n, la sanidad, la industria y los veh\u00edculos el\u00e9ctricos.\" \/>\n<meta name=\"robots\" content=\"index, follow, max-snippet:-1, max-image-preview:large, max-video-preview:-1\" \/>\n<link rel=\"canonical\" href=\"https:\/\/www.conventuspolymers.com\/es\/\" \/>\n<meta property=\"og:locale\" content=\"es_ES\" \/>\n<meta property=\"og:type\" content=\"article\" \/>\n<meta property=\"og:title\" content=\"Pol\u00edmeros de alto rendimiento - Inicio | Conventus Polymers\" \/>\n<meta property=\"og:description\" content=\"Conventus Polymers ofrece la cartera m\u00e1s amplia de pol\u00edmeros de alto rendimiento para los sectores del petr\u00f3leo y el gas, la automoci\u00f3n, la sanidad, la industria y los veh\u00edculos el\u00e9ctricos.\" \/>\n<meta property=\"og:url\" content=\"https:\/\/www.conventuspolymers.com\/es\/\" \/>\n<meta property=\"og:site_name\" content=\"Conventus Polymers\" \/>\n<meta property=\"article:modified_time\" content=\"2023-11-15T15:54:29+00:00\" \/>\n<meta name=\"twitter:card\" content=\"summary_large_image\" \/>\n<script type=\"application\/ld+json\" class=\"yoast-schema-graph\">{\"@context\":\"https:\\\/\\\/schema.org\",\"@graph\":[{\"@type\":\"WebPage\",\"@id\":\"https:\\\/\\\/www.conventuspolymers.com\\\/es\\\/\",\"url\":\"https:\\\/\\\/www.conventuspolymers.com\\\/es\\\/\",\"name\":\"Pol\u00edmeros de alto rendimiento - Inicio | Conventus Polymers\",\"isPartOf\":{\"@id\":\"https:\\\/\\\/www.conventuspolymers.com\\\/es\\\/#website\"},\"datePublished\":\"2022-11-07T07:26:31+00:00\",\"dateModified\":\"2023-11-15T15:54:29+00:00\",\"description\":\"Conventus Polymers ofrece la cartera m\u00e1s amplia de pol\u00edmeros de alto rendimiento para los sectores del petr\u00f3leo y el gas, la automoci\u00f3n, la sanidad, la industria y los veh\u00edculos el\u00e9ctricos.\",\"breadcrumb\":{\"@id\":\"https:\\\/\\\/www.conventuspolymers.com\\\/es\\\/#breadcrumb\"},\"inLanguage\":\"es\",\"potentialAction\":[{\"@type\":\"ReadAction\",\"target\":[\"https:\\\/\\\/www.conventuspolymers.com\\\/es\\\/\"]}]},{\"@type\":\"BreadcrumbList\",\"@id\":\"https:\\\/\\\/www.conventuspolymers.com\\\/es\\\/#breadcrumb\",\"itemListElement\":[{\"@type\":\"ListItem\",\"position\":1,\"name\":\"Home\",\"item\":\"https:\\\/\\\/www.conventuspolymers.com\\\/es\\\/\"},{\"@type\":\"ListItem\",\"position\":2,\"name\":\"Inicio\"}]},{\"@type\":\"WebSite\",\"@id\":\"https:\\\/\\\/www.conventuspolymers.com\\\/es\\\/#website\",\"url\":\"https:\\\/\\\/www.conventuspolymers.com\\\/es\\\/\",\"name\":\"Conventus Polymers\",\"description\":\"High-Performance Polymers\",\"publisher\":{\"@id\":\"https:\\\/\\\/www.conventuspolymers.com\\\/es\\\/#organization\"},\"potentialAction\":[{\"@type\":\"SearchAction\",\"target\":{\"@type\":\"EntryPoint\",\"urlTemplate\":\"https:\\\/\\\/www.conventuspolymers.com\\\/es\\\/?s={search_term_string}\"},\"query-input\":{\"@type\":\"PropertyValueSpecification\",\"valueRequired\":true,\"valueName\":\"search_term_string\"}}],\"inLanguage\":\"es\"},{\"@type\":\"Organization\",\"@id\":\"https:\\\/\\\/www.conventuspolymers.com\\\/es\\\/#organization\",\"name\":\"Conventus Polymers\",\"url\":\"https:\\\/\\\/www.conventuspolymers.com\\\/es\\\/\",\"logo\":{\"@type\":\"ImageObject\",\"inLanguage\":\"es\",\"@id\":\"https:\\\/\\\/www.conventuspolymers.com\\\/es\\\/#\\\/schema\\\/logo\\\/image\\\/\",\"url\":\"https:\\\/\\\/www.conventuspolymers.com\\\/wp-content\\\/uploads\\\/2022\\\/12\\\/LogoFinal.jpg\",\"contentUrl\":\"https:\\\/\\\/www.conventuspolymers.com\\\/wp-content\\\/uploads\\\/2022\\\/12\\\/LogoFinal.jpg\",\"width\":800,\"height\":183,\"caption\":\"Conventus Polymers\"},\"image\":{\"@id\":\"https:\\\/\\\/www.conventuspolymers.com\\\/es\\\/#\\\/schema\\\/logo\\\/image\\\/\"},\"sameAs\":[\"https:\\\/\\\/www.linkedin.com\\\/company\\\/conventus-polymers\\\/\"]}]}<\/script>\n<!-- \/ Yoast SEO plugin. -->","yoast_head_json":{"title":"Pol\u00edmeros de alto rendimiento - Inicio | Conventus Polymers","description":"Conventus Polymers ofrece la cartera m\u00e1s amplia de pol\u00edmeros de alto rendimiento para los sectores del petr\u00f3leo y el gas, la automoci\u00f3n, la sanidad, la industria y los veh\u00edculos el\u00e9ctricos.","robots":{"index":"index","follow":"follow","max-snippet":"max-snippet:-1","max-image-preview":"max-image-preview:large","max-video-preview":"max-video-preview:-1"},"canonical":"https:\/\/www.conventuspolymers.com\/es\/","og_locale":"es_ES","og_type":"article","og_title":"Pol\u00edmeros de alto rendimiento - Inicio | Conventus Polymers","og_description":"Conventus Polymers ofrece la cartera m\u00e1s amplia de pol\u00edmeros de alto rendimiento para los sectores del petr\u00f3leo y el gas, la automoci\u00f3n, la sanidad, la industria y los veh\u00edculos el\u00e9ctricos.","og_url":"https:\/\/www.conventuspolymers.com\/es\/","og_site_name":"Conventus Polymers","article_modified_time":"2023-11-15T15:54:29+00:00","twitter_card":"summary_large_image","schema":{"@context":"https:\/\/schema.org","@graph":[{"@type":"WebPage","@id":"https:\/\/www.conventuspolymers.com\/es\/","url":"https:\/\/www.conventuspolymers.com\/es\/","name":"Pol\u00edmeros de alto rendimiento - Inicio | Conventus Polymers","isPartOf":{"@id":"https:\/\/www.conventuspolymers.com\/es\/#website"},"datePublished":"2022-11-07T07:26:31+00:00","dateModified":"2023-11-15T15:54:29+00:00","description":"Conventus Polymers ofrece la cartera m\u00e1s amplia de pol\u00edmeros de alto rendimiento para los sectores del petr\u00f3leo y el gas, la automoci\u00f3n, la sanidad, la industria y los veh\u00edculos el\u00e9ctricos.","breadcrumb":{"@id":"https:\/\/www.conventuspolymers.com\/es\/#breadcrumb"},"inLanguage":"es","potentialAction":[{"@type":"ReadAction","target":["https:\/\/www.conventuspolymers.com\/es\/"]}]},{"@type":"BreadcrumbList","@id":"https:\/\/www.conventuspolymers.com\/es\/#breadcrumb","itemListElement":[{"@type":"ListItem","position":1,"name":"Home","item":"https:\/\/www.conventuspolymers.com\/es\/"},{"@type":"ListItem","position":2,"name":"Inicio"}]},{"@type":"WebSite","@id":"https:\/\/www.conventuspolymers.com\/es\/#website","url":"https:\/\/www.conventuspolymers.com\/es\/","name":"Conventus Polymers","description":"High-Performance Polymers","publisher":{"@id":"https:\/\/www.conventuspolymers.com\/es\/#organization"},"potentialAction":[{"@type":"SearchAction","target":{"@type":"EntryPoint","urlTemplate":"https:\/\/www.conventuspolymers.com\/es\/?s={search_term_string}"},"query-input":{"@type":"PropertyValueSpecification","valueRequired":true,"valueName":"search_term_string"}}],"inLanguage":"es"},{"@type":"Organization","@id":"https:\/\/www.conventuspolymers.com\/es\/#organization","name":"Conventus Polymers","url":"https:\/\/www.conventuspolymers.com\/es\/","logo":{"@type":"ImageObject","inLanguage":"es","@id":"https:\/\/www.conventuspolymers.com\/es\/#\/schema\/logo\/image\/","url":"https:\/\/www.conventuspolymers.com\/wp-content\/uploads\/2022\/12\/LogoFinal.jpg","contentUrl":"https:\/\/www.conventuspolymers.com\/wp-content\/uploads\/2022\/12\/LogoFinal.jpg","width":800,"height":183,"caption":"Conventus Polymers"},"image":{"@id":"https:\/\/www.conventuspolymers.com\/es\/#\/schema\/logo\/image\/"},"sameAs":["https:\/\/www.linkedin.com\/company\/conventus-polymers\/"]}]}},"_links":{"self":[{"href":"https:\/\/www.conventuspolymers.com\/es\/wp-json\/wp\/v2\/pages\/2337","targetHints":{"allow":["GET"]}}],"collection":[{"href":"https:\/\/www.conventuspolymers.com\/es\/wp-json\/wp\/v2\/pages"}],"about":[{"href":"https:\/\/www.conventuspolymers.com\/es\/wp-json\/wp\/v2\/types\/page"}],"author":[{"embeddable":true,"href":"https:\/\/www.conventuspolymers.com\/es\/wp-json\/wp\/v2\/users\/1"}],"replies":[{"embeddable":true,"href":"https:\/\/www.conventuspolymers.com\/es\/wp-json\/wp\/v2\/comments?post=2337"}],"version-history":[{"count":10,"href":"https:\/\/www.conventuspolymers.com\/es\/wp-json\/wp\/v2\/pages\/2337\/revisions"}],"predecessor-version":[{"id":2956,"href":"https:\/\/www.conventuspolymers.com\/es\/wp-json\/wp\/v2\/pages\/2337\/revisions\/2956"}],"wp:attachment":[{"href":"https:\/\/www.conventuspolymers.com\/es\/wp-json\/wp\/v2\/media?parent=2337"}],"curies":[{"name":"wp","href":"https:\/\/api.w.org\/{rel}","templated":true}]}}